{"id":1045,"date":"2015-08-27T23:39:12","date_gmt":"2015-08-27T23:39:12","guid":{"rendered":"http:\/\/www.cge-ra.org\/2015\/?page_id=1045"},"modified":"2015-08-27T23:39:52","modified_gmt":"2015-08-27T23:39:52","slug":"que-es-cgera","status":"publish","type":"page","link":"https:\/\/www.cge-ra.org\/V16\/que-es-cgera\/","title":{"rendered":"QU\u00c9 ES CGERA"},"content":{"rendered":"<p>La Confederaci\u00f3n General Empresaria se fund\u00f3 el 4 de octubre del 2007 en la Casa de la Provincia de Tucum\u00e1n donde se firm\u00f3 el acta constitutiva. Desde entonces, la CGERA nace como una expresi\u00f3n de un numeroso grupo de c\u00e1maras pymes de todo el pa\u00eds que ven\u00edan trabajando en conjunto\u00a0 necesitaban de una entidad que las contenga y represente.<\/p>\n<p>Sectores de la industria, la producci\u00f3n, el comercio y los servicios m\u00e1s una gran cantidad de entidades provinciales lograron darle a CGERA el car\u00e1cter PyME, federal y multisectorial que a\u00fan conserva al d\u00eda de hoy.<\/p>\n<p>Durante estos a\u00f1os la CGERA ha participado activamente en los espacios donde se definen las pol\u00edticas e iniciativas dirigidas al sector, interactuando con el sector p\u00fablico en defensa de las peque\u00f1as y medianas empresas nacionales.<\/p>\n<p>Al d\u00eda de hoy CGERA agrupa m\u00e1s de 40 c\u00e1maras sectoriales, posee representatividad en todo el territorio nacional por medio de federaciones, asociaciones o c\u00e1maras provinciales y posee cuatro regionales en el conurbano bonaerense.<\/p>\n<p>Esto se logr\u00f3 con el trabajo de muchos hombres y mujeres que hoy siguen haciendo de CGERA una entidad que crece, que es representativa, federal y defiende los intereses de las peque\u00f1as y medianas empresas argentinas.<\/p>\n<p><strong><em>NUESTRA VISI\u00d3N <\/em><\/strong><\/p>\n<blockquote><p>Ser la entidad m\u00e1s representativa de los sectores pymes de la industria, los servicios y la producci\u00f3n, con presencia en todo el territorio de la Rep\u00fablica Argentina, participando en todos los espacios donde se debatan pol\u00edticas e iniciativas relacionadas con las peque\u00f1as y medianas empresas.<\/p><\/blockquote>\n<p><strong><em>NUESTROS VALORES <\/em><\/strong><\/p>\n<blockquote><p>Somos empresarios, conocemos la realidad de las pymes, entendemos sus necesidades ya que son las nuestras, trabajamos en equipo para lograr d\u00eda a d\u00eda, la consolidaci\u00f3n de un modelo productivo pyme.<\/p><\/blockquote>\n","protected":false},"excerpt":{"rendered":"<p>La Confederaci\u00f3n General Empresaria se fund\u00f3 el 4 de octubre del 2007 en la Casa de la Provincia de Tucum\u00e1n donde se firm\u00f3 el acta constitutiva. Desde entonces, la CGERA nace como una expresi\u00f3n de un numeroso grupo de c\u00e1maras pymes de todo el pa\u00eds que ven\u00edan trabajando en conjunto\u00a0 necesitaban de una entidad que &#8230;<\/p>\n","protected":false},"author":1,"featured_media":0,"parent":0,"menu_order":0,"comment_status":"closed","ping_status":"closed","template":"","meta":[],"_links":{"self":[{"href":"https:\/\/www.cge-ra.org\/V16\/wp-json\/wp\/v2\/pages\/1045"}],"collection":[{"href":"https:\/\/www.cge-ra.org\/V16\/wp-json\/wp\/v2\/pages"}],"about":[{"href":"https:\/\/www.cge-ra.org\/V16\/wp-json\/wp\/v2\/types\/page"}],"author":[{"embeddable":true,"href":"https:\/\/www.cge-ra.org\/V16\/wp-json\/wp\/v2\/users\/1"}],"replies":[{"embeddable":true,"href":"https:\/\/www.cge-ra.org\/V16\/wp-json\/wp\/v2\/comments?post=1045"}],"version-history":[{"count":2,"href":"https:\/\/www.cge-ra.org\/V16\/wp-json\/wp\/v2\/pages\/1045\/revisions"}],"predecessor-version":[{"id":1047,"href":"https:\/\/www.cge-ra.org\/V16\/wp-json\/wp\/v2\/pages\/1045\/revisions\/1047"}],"wp:attachment":[{"href":"https:\/\/www.cge-ra.org\/V16\/wp-json\/wp\/v2\/media?parent=1045"}],"curies":[{"name":"wp","href":"https:\/\/api.w.org\/{rel}","templated":true}]}}