{"id":1118,"date":"2015-09-10T14:53:05","date_gmt":"2015-09-10T14:53:05","guid":{"rendered":"http:\/\/www.cge-ra.org\/2015\/?page_id=1118"},"modified":"2015-11-03T20:28:32","modified_gmt":"2015-11-03T20:28:32","slug":"informes-economicos-y-empresarios","status":"publish","type":"page","link":"https:\/\/www.cge-ra.org\/V16\/informes-economicos-y-empresarios\/","title":{"rendered":"INFORMES ECON\u00d3MICOS Y EMPRESARIOS"},"content":{"rendered":"<ul>\n<li><span style=\"text-decoration: underline;\"><strong><a href=\"http:\/\/www.cge-ra.org\/V16\/wp-content\/uploads\/2015\/10\/Informe-Econ\u00f3mico-CGERA-Febrero-2015-1.pdf\" target=\"_blank\">Informe Econ\u00f3mico CGERA &#8211; Febrero 2015<\/a><\/strong><\/span><\/li>\n<li><span style=\"text-decoration: underline;\"><strong><a href=\"http:\/\/www.cge-ra.org\/V16\/wp-content\/uploads\/2015\/10\/Informe-Econ\u00f3mico-CGERA-Marzo-2015-1.pdf\" target=\"_blank\">Informe Econ\u00f3mico CGERA &#8211; Marzo 2015<\/a><\/strong><\/span><\/li>\n<li><span style=\"text-decoration: underline;\"><strong><a href=\"http:\/\/www.cge-ra.org\/V16\/wp-content\/uploads\/2015\/10\/Informe-Econ\u00f3mico-CGERA-Mayo-2015-1.pdf\" target=\"_blank\">Informe Econ\u00f3mico CGERA &#8211; Mayo 2015<\/a><\/strong><\/span><\/li>\n<li><span style=\"text-decoration: underline;\"><strong><a href=\"http:\/\/www.cge-ra.org\/V16\/wp-content\/uploads\/2015\/10\/Informe-Econ\u00f3mico-CGERA-Junio-2015-2.pdf\" target=\"_blank\">Informe Econ\u00f3mico CGERA &#8211; Junio 2015<\/a><\/strong><\/span><\/li>\n<li><span style=\"text-decoration: underline;\"><strong><a href=\"http:\/\/www.cge-ra.org\/V16\/wp-content\/uploads\/2015\/09\/Informe-Econ\u00f3mico-CGERA-Julio-2015.pdf\" target=\"_blank\">Informe Econ\u00f3mico CGERA &#8211; Julio 2015<\/a><\/strong><\/span><\/li>\n<li><a href=\"http:\/\/www.cge-ra.org\/V16\/wp-content\/uploads\/2015\/09\/Informe-Econ\u00f3mico-CGERA-Agosto-2015.pdf\" target=\"_blank\"><strong>Informe Econ\u00f3mico CGERA &#8211; Agosto 2015<\/strong><\/a><\/li>\n<li><a href=\"http:\/\/www.cge-ra.org\/V16\/wp-content\/uploads\/2015\/09\/Informe-Econ\u00f3mico-CGERA-Septiembre-2015.pdf\"><strong>Informe Econ\u00f3mico CGERA &#8211; Septiembre 2015<\/strong><\/a><\/li>\n<\/ul>\n","protected":false},"excerpt":{"rendered":"<p>Informe Econ\u00f3mico CGERA &#8211; Febrero 2015 Informe Econ\u00f3mico CGERA &#8211; Marzo 2015 Informe Econ\u00f3mico CGERA &#8211; Mayo 2015 Informe Econ\u00f3mico CGERA &#8211; Junio 2015 Informe Econ\u00f3mico CGERA &#8211; Julio 2015 Informe Econ\u00f3mico CGERA &#8211; Agosto 2015 Informe Econ\u00f3mico CGERA &#8211; Septiembre 2015<\/p>\n","protected":false},"author":1,"featured_media":0,"parent":0,"menu_order":0,"comment_status":"closed","ping_status":"closed","template":"","meta":[],"_links":{"self":[{"href":"https:\/\/www.cge-ra.org\/V16\/wp-json\/wp\/v2\/pages\/1118"}],"collection":[{"href":"https:\/\/www.cge-ra.org\/V16\/wp-json\/wp\/v2\/pages"}],"about":[{"href":"https:\/\/www.cge-ra.org\/V16\/wp-json\/wp\/v2\/types\/page"}],"author":[{"embeddable":true,"href":"https:\/\/www.cge-ra.org\/V16\/wp-json\/wp\/v2\/users\/1"}],"replies":[{"embeddable":true,"href":"https:\/\/www.cge-ra.org\/V16\/wp-json\/wp\/v2\/comments?post=1118"}],"version-history":[{"count":13,"href":"https:\/\/www.cge-ra.org\/V16\/wp-json\/wp\/v2\/pages\/1118\/revisions"}],"predecessor-version":[{"id":1578,"href":"https:\/\/www.cge-ra.org\/V16\/wp-json\/wp\/v2\/pages\/1118\/revisions\/1578"}],"wp:attachment":[{"href":"https:\/\/www.cge-ra.org\/V16\/wp-json\/wp\/v2\/media?parent=1118"}],"curies":[{"name":"wp","href":"https:\/\/api.w.org\/{rel}","templated":true}]}}